{"id":471,"date":"2025-10-20T13:25:10","date_gmt":"2025-10-20T19:25:10","guid":{"rendered":"https:\/\/ego.com.sv\/?page_id=471"},"modified":"2025-10-22T14:56:53","modified_gmt":"2025-10-22T20:56:53","slug":"test-de-velocidad","status":"publish","type":"page","link":"https:\/\/ego.com.sv\/index.php\/test-de-velocidad\/","title":{"rendered":"Test de Velocidad"},"content":{"rendered":"\t\t<div data-elementor-type=\"wp-page\" data-elementor-id=\"471\" class=\"elementor elementor-471\" data-elementor-post-type=\"page\">\n\t\t\t\t\t\t<section class=\"elementor-section elementor-top-section elementor-element elementor-element-4726a6bf0 elementor-section-height-min-height elementor-section-boxed elementor-section-height-default elementor-section-items-middle wpr-particle-no wpr-jarallax-no wpr-parallax-no wpr-sticky-section-no\" data-id=\"4726a6bf0\" data-element_type=\"section\" data-settings=\"{&quot;background_background&quot;:&quot;classic&quot;}\">\n\t\t\t\t\t\t\t<div class=\"elementor-background-overlay\"><\/div>\n\t\t\t\t\t\t\t<div class=\"elementor-container elementor-column-gap-default\">\n\t\t\t\t\t<div class=\"elementor-column elementor-col-100 elementor-top-column elementor-element elementor-element-d2f146c elementor-invisible\" data-id=\"d2f146c\" data-element_type=\"column\" data-settings=\"{&quot;animation&quot;:&quot;zoomIn&quot;}\">\n\t\t\t<div class=\"elementor-widget-wrap elementor-element-populated\">\n\t\t\t\t\t\t<div class=\"elementor-element elementor-element-213edb1f elementor-widget elementor-widget-heading\" data-id=\"213edb1f\" data-element_type=\"widget\" data-widget_type=\"heading.default\">\n\t\t\t\t\t<h2 class=\"elementor-heading-title elementor-size-default\">Recomendaciones antes de hacer la medici\u00f3n.<\/h2>\t\t\t\t<\/div>\n\t\t\t\t<div class=\"elementor-element elementor-element-2d7689f4 elementor-widget elementor-widget-text-editor\" data-id=\"2d7689f4\" data-element_type=\"widget\" data-widget_type=\"text-editor.default\">\n\t\t\t\t\t\t\t\t\t<p><img decoding=\"async\" class=\"emoji\" role=\"img\" draggable=\"false\" src=\"https:\/\/s.w.org\/images\/core\/emoji\/16.0.1\/svg\/1f449.svg\" alt=\"\ud83d\udc49\" \/> Con\u00e9ctate al internet por cable directo (LAN) o ac\u00e9rcate al router principal conectado a la red 5G en planes mayores a 100 Megas.<br \/><img decoding=\"async\" class=\"emoji\" role=\"img\" draggable=\"false\" src=\"https:\/\/s.w.org\/images\/core\/emoji\/16.0.1\/svg\/1f449.svg\" alt=\"\ud83d\udc49\" \/> Desconecta todos los dem\u00e1s dispositivos conectados en la red.<br \/><img decoding=\"async\" class=\"emoji\" role=\"img\" draggable=\"false\" src=\"https:\/\/s.w.org\/images\/core\/emoji\/16.0.1\/svg\/1f449.svg\" alt=\"\ud83d\udc49\" \/>\u00a0Cierra aplicaciones en segundo plano que consuman internet.<br \/><img decoding=\"async\" class=\"emoji\" role=\"img\" draggable=\"false\" src=\"https:\/\/s.w.org\/images\/core\/emoji\/16.0.1\/svg\/1f449.svg\" alt=\"\ud83d\udc49\" \/>\u00a0ejecuta la prueba.<br \/><img decoding=\"async\" class=\"emoji\" role=\"img\" draggable=\"false\" src=\"https:\/\/s.w.org\/images\/core\/emoji\/16.0.1\/svg\/1f449.svg\" alt=\"\ud83d\udc49\" \/>\u00a0Para resultados m\u00e1s exactos, repite la prueba 2 o 3 veces.<\/p>\t\t\t\t\t\t\t\t<\/div>\n\t\t\t\t\t<\/div>\n\t\t<\/div>\n\t\t\t\t\t<\/div>\n\t\t<\/section>\n\t\t<div class=\"elementor-element elementor-element-a7602ca e-flex e-con-boxed wpr-particle-no wpr-jarallax-no wpr-parallax-no wpr-sticky-section-no e-con e-parent\" data-id=\"a7602ca\" data-element_type=\"container\">\n\t\t\t\t\t<div class=\"e-con-inner\">\n\t\t\t\t<div class=\"elementor-element elementor-element-84fde2b elementor-widget elementor-widget-html\" data-id=\"84fde2b\" data-element_type=\"widget\" data-widget_type=\"html.default\">\n\t\t\t\t\t<section class=\"ego-speedtest-section\">\r\n  <div class=\"ego-speedtest-container\">\r\n    <iframe \r\n      src=\"https:\/\/egointernetst.speedtestcustom.com\/\" \r\n      frameborder=\"0\" \r\n      scrolling=\"no\" \r\n      allowfullscreen>\r\n    <\/iframe>\r\n  <\/div>\r\n<\/section>\r\n\r\n<style>\r\n  \/* Contenedor general con espacio arriba y abajo *\/\r\n  .ego-speedtest-section {\r\n    width: 100%;\r\n    background: #ffffff; \/* o el color de fondo que prefieras *\/\r\n    padding: 100px 0 80px 0; \/* margen superior e inferior *\/\r\n    display: flex;\r\n    justify-content: center;\r\n  }\r\n\r\n  \/* Contenedor del iframe *\/\r\n  .ego-speedtest-container {\r\n    width: 100%;\r\n    max-width: 1200px; \/* ajusta el ancho m\u00e1ximo *\/\r\n    border-radius: 12px;\r\n    overflow: hidden;\r\n    box-shadow: 0 4px 25px rgba(0,0,0,0.1);\r\n  }\r\n\r\n  \/* Estilo del iframe *\/\r\n  .ego-speedtest-container iframe {\r\n    width: 100%;\r\n    height: 780px;\r\n    border: none;\r\n    margin-top: -70px; \/* Oculta el encabezado de Ookla *\/\r\n    margin-bottom: -40px; \/* Evita cortar el copy inferior *\/\r\n  }\r\n\r\n  \/* Ajuste para pantallas peque\u00f1as *\/\r\n  @media (max-width: 768px) {\r\n    .ego-speedtest-container iframe {\r\n      height: 680px;\r\n      margin-top: -60px;\r\n      margin-bottom: -20px;\r\n    }\r\n  }\r\n<\/style>\r\n\t\t\t\t<\/div>\n\t\t\t\t\t<\/div>\n\t\t\t\t<\/div>\n\t\t\t\t<section class=\"elementor-section elementor-top-section elementor-element elementor-element-638285b3 elementor-section-boxed elementor-section-height-default elementor-section-height-default wpr-particle-no wpr-jarallax-no wpr-parallax-no wpr-sticky-section-no\" data-id=\"638285b3\" data-element_type=\"section\">\n\t\t\t\t\t\t<div class=\"elementor-container elementor-column-gap-no\">\n\t\t\t\t\t<div class=\"elementor-column elementor-col-100 elementor-top-column elementor-element elementor-element-f2a03fb\" data-id=\"f2a03fb\" data-element_type=\"column\">\n\t\t\t<div class=\"elementor-widget-wrap elementor-element-populated\">\n\t\t\t\t\t\t<div class=\"elementor-element elementor-element-20e405d8 wpr-stt-btn-align-fixed wpr-stt-btn-align-fixed-right elementor-widget elementor-widget-wpr-back-to-top\" data-id=\"20e405d8\" data-element_type=\"widget\" data-widget_type=\"wpr-back-to-top.default\">\n\t\t\t\t\t<div class=\"wpr-stt-wrapper\"><div class='wpr-stt-btn' data-settings='{&quot;animation&quot;:&quot;fade&quot;,&quot;animationOffset&quot;:&quot;0&quot;,&quot;animationDuration&quot;:&quot;200&quot;,&quot;fixed&quot;:&quot;fixed&quot;,&quot;scrolAnim&quot;:&quot;800&quot;}'><span class=\"wpr-stt-icon\"><svg class=\"e-font-icon-svg e-fas-chevron-up\" viewBox=\"0 0 448 512\" xmlns=\"http:\/\/www.w3.org\/2000\/svg\"><path d=\"M240.971 130.524l194.343 194.343c9.373 9.373 9.373 24.569 0 33.941l-22.667 22.667c-9.357 9.357-24.522 9.375-33.901.04L224 227.495 69.255 381.516c-9.379 9.335-24.544 9.317-33.901-.04l-22.667-22.667c-9.373-9.373-9.373-24.569 0-33.941L207.03 130.525c9.372-9.373 24.568-9.373 33.941-.001z\"><\/path><\/svg><\/span><\/div><\/div>\t\t\t\t<\/div>\n\t\t\t\t\t<\/div>\n\t\t<\/div>\n\t\t\t\t\t<\/div>\n\t\t<\/section>\n\t\t\t\t<section class=\"elementor-section elementor-top-section elementor-element elementor-element-4967476e elementor-section-boxed elementor-section-height-default elementor-section-height-default wpr-particle-no wpr-jarallax-no wpr-parallax-no wpr-sticky-section-no\" data-id=\"4967476e\" data-element_type=\"section\">\n\t\t\t\t\t\t<div class=\"elementor-container elementor-column-gap-no\">\n\t\t\t\t\t<div class=\"elementor-column elementor-col-100 elementor-top-column elementor-element elementor-element-5e9bf901\" data-id=\"5e9bf901\" data-element_type=\"column\">\n\t\t\t<div class=\"elementor-widget-wrap\">\n\t\t\t\t\t\t\t<\/div>\n\t\t<\/div>\n\t\t\t\t\t<\/div>\n\t\t<\/section>\n\t\t\t\t<\/div>\n\t\t","protected":false},"excerpt":{"rendered":"<p>Recomendaciones antes de hacer la medici\u00f3n. Con\u00e9ctate al internet por cable directo (LAN) o ac\u00e9rcate al router principal conectado a la red 5G en planes mayores a 100 Megas. Desconecta todos los dem\u00e1s dispositivos conectados en la red.\u00a0Cierra aplicaciones en segundo plano que consuman internet.\u00a0ejecuta la prueba.\u00a0Para resultados m\u00e1s exactos, repite la prueba 2 o 3 veces.<\/p>\n","protected":false},"author":1,"featured_media":0,"parent":0,"menu_order":0,"comment_status":"closed","ping_status":"closed","template":"","meta":{"footnotes":""},"class_list":["post-471","page","type-page","status-publish","hentry"],"_links":{"self":[{"href":"https:\/\/ego.com.sv\/index.php\/wp-json\/wp\/v2\/pages\/471","targetHints":{"allow":["GET"]}}],"collection":[{"href":"https:\/\/ego.com.sv\/index.php\/wp-json\/wp\/v2\/pages"}],"about":[{"href":"https:\/\/ego.com.sv\/index.php\/wp-json\/wp\/v2\/types\/page"}],"author":[{"embeddable":true,"href":"https:\/\/ego.com.sv\/index.php\/wp-json\/wp\/v2\/users\/1"}],"replies":[{"embeddable":true,"href":"https:\/\/ego.com.sv\/index.php\/wp-json\/wp\/v2\/comments?post=471"}],"version-history":[{"count":13,"href":"https:\/\/ego.com.sv\/index.php\/wp-json\/wp\/v2\/pages\/471\/revisions"}],"predecessor-version":[{"id":664,"href":"https:\/\/ego.com.sv\/index.php\/wp-json\/wp\/v2\/pages\/471\/revisions\/664"}],"wp:attachment":[{"href":"https:\/\/ego.com.sv\/index.php\/wp-json\/wp\/v2\/media?parent=471"}],"curies":[{"name":"wp","href":"https:\/\/api.w.org\/{rel}","templated":true}]}}