{"id":455,"date":"2025-09-30T23:00:02","date_gmt":"2025-10-01T05:00:02","guid":{"rendered":"https:\/\/ego.com.sv\/?page_id=455"},"modified":"2025-09-30T23:03:56","modified_gmt":"2025-10-01T05:03:56","slug":"cobertura-del-wifi","status":"publish","type":"page","link":"https:\/\/ego.com.sv\/index.php\/cobertura-del-wifi\/","title":{"rendered":"Cobertura del WiFi"},"content":{"rendered":"\t\t<div data-elementor-type=\"wp-page\" data-elementor-id=\"455\" class=\"elementor elementor-455\" data-elementor-post-type=\"page\">\n\t\t\t\t\t\t<section class=\"elementor-section elementor-top-section elementor-element elementor-element-7caa839d elementor-section-boxed elementor-section-height-default elementor-section-height-default wpr-particle-no wpr-jarallax-no wpr-parallax-no wpr-sticky-section-no\" data-id=\"7caa839d\" data-element_type=\"section\" data-settings=\"{&quot;background_background&quot;:&quot;classic&quot;}\">\n\t\t\t\t\t\t<div class=\"elementor-container elementor-column-gap-no\">\n\t\t\t\t\t<div class=\"elementor-column elementor-col-100 elementor-top-column elementor-element elementor-element-670e0b86\" data-id=\"670e0b86\" data-element_type=\"column\">\n\t\t\t<div class=\"elementor-widget-wrap\">\n\t\t\t\t\t\t\t<\/div>\n\t\t<\/div>\n\t\t\t\t\t<\/div>\n\t\t<\/section>\n\t\t\t\t<section class=\"elementor-section elementor-top-section elementor-element elementor-element-78101baa elementor-section-boxed elementor-section-height-default elementor-section-height-default wpr-particle-no wpr-jarallax-no wpr-parallax-no wpr-sticky-section-no\" data-id=\"78101baa\" data-element_type=\"section\" data-settings=\"{&quot;background_background&quot;:&quot;classic&quot;}\">\n\t\t\t\t\t\t<div class=\"elementor-container elementor-column-gap-no\">\n\t\t\t\t\t<div class=\"elementor-column elementor-col-100 elementor-top-column elementor-element elementor-element-6fe1c72f\" data-id=\"6fe1c72f\" data-element_type=\"column\">\n\t\t\t<div class=\"elementor-widget-wrap\">\n\t\t\t\t\t\t\t<\/div>\n\t\t<\/div>\n\t\t\t\t\t<\/div>\n\t\t<\/section>\n\t\t<div class=\"elementor-element elementor-element-1a1e96cf e-con-full e-flex wpr-particle-no wpr-jarallax-no wpr-parallax-no wpr-sticky-section-no e-con e-parent\" data-id=\"1a1e96cf\" data-element_type=\"container\" data-settings=\"{&quot;background_background&quot;:&quot;gradient&quot;}\">\n\t\t\t\t<div class=\"elementor-element elementor-element-15261c22 elementor-widget elementor-widget-heading\" data-id=\"15261c22\" data-element_type=\"widget\" data-widget_type=\"heading.default\">\n\t\t\t\t\t<h1 class=\"elementor-heading-title elementor-size-default\">\u00bfPor qu\u00e9 mi WiFi no llega a toda la casa?<\/h1>\t\t\t\t<\/div>\n\t\t\t\t<div class=\"elementor-element elementor-element-326c4226 elementor-widget elementor-widget-text-editor\" data-id=\"326c4226\" data-element_type=\"widget\" data-widget_type=\"text-editor.default\">\n\t\t\t\t\t\t\t\t\t<p>El internet por fibra llega a tu hogar con toda su velocidad, pero la cobertura WiFi depende del alcance del router y los obst\u00e1culos en tu casa. Te explicamos c\u00f3mo funciona y c\u00f3mo mejorarla<\/p>\t\t\t\t\t\t\t\t<\/div>\n\t\t\t\t<div class=\"elementor-element elementor-element-3f5eee94 elementor-align-center elementor-invisible elementor-widget elementor-widget-button\" data-id=\"3f5eee94\" data-element_type=\"widget\" data-settings=\"{&quot;_animation&quot;:&quot;fadeInUp&quot;}\" data-widget_type=\"button.default\">\n\t\t\t\t\t\t\t\t\t\t<a class=\"elementor-button elementor-button-link elementor-size-lg elementor-animation-grow\" href=\"#\">\n\t\t\t\t\t\t<span class=\"elementor-button-content-wrapper\">\n\t\t\t\t\t\t\t\t\t<span class=\"elementor-button-text\">contact us<\/span>\n\t\t\t\t\t<\/span>\n\t\t\t\t\t<\/a>\n\t\t\t\t\t\t\t\t<\/div>\n\t\t\t\t<div class=\"elementor-element elementor-element-173caeea elementor-widget elementor-widget-image\" data-id=\"173caeea\" data-element_type=\"widget\" data-widget_type=\"image.default\">\n\t\t\t\t\t\t\t\t\t\t\t\t\t\t\t<img fetchpriority=\"high\" decoding=\"async\" width=\"800\" height=\"257\" src=\"https:\/\/ego.com.sv\/wp-content\/uploads\/2025\/09\/Marketing-Agency-Hero-2-1024x329.jpg\" class=\"attachment-large size-large wp-image-463\" alt=\"\" srcset=\"https:\/\/ego.com.sv\/wp-content\/uploads\/2025\/09\/Marketing-Agency-Hero-2-1024x329.jpg 1024w, https:\/\/ego.com.sv\/wp-content\/uploads\/2025\/09\/Marketing-Agency-Hero-2-300x96.jpg 300w, https:\/\/ego.com.sv\/wp-content\/uploads\/2025\/09\/Marketing-Agency-Hero-2-768x247.jpg 768w, https:\/\/ego.com.sv\/wp-content\/uploads\/2025\/09\/Marketing-Agency-Hero-2-1536x494.jpg 1536w, https:\/\/ego.com.sv\/wp-content\/uploads\/2025\/09\/Marketing-Agency-Hero-2.jpg 1680w\" sizes=\"(max-width: 800px) 100vw, 800px\" \/>\t\t\t\t\t\t\t\t\t\t\t\t\t\t\t<\/div>\n\t\t\t\t<\/div>\n\t\t\t\t<\/div>\n\t\t","protected":false},"excerpt":{"rendered":"<p>\u00bfPor qu\u00e9 mi WiFi no llega a toda la casa? El internet por fibra llega a tu hogar con toda su velocidad, pero la cobertura WiFi depende del alcance del router y los obst\u00e1culos en tu casa. Te explicamos c\u00f3mo funciona y c\u00f3mo mejorarla contact us<\/p>\n","protected":false},"author":1,"featured_media":0,"parent":0,"menu_order":0,"comment_status":"closed","ping_status":"closed","template":"elementor_header_footer","meta":{"footnotes":""},"class_list":["post-455","page","type-page","status-publish","hentry"],"_links":{"self":[{"href":"https:\/\/ego.com.sv\/index.php\/wp-json\/wp\/v2\/pages\/455","targetHints":{"allow":["GET"]}}],"collection":[{"href":"https:\/\/ego.com.sv\/index.php\/wp-json\/wp\/v2\/pages"}],"about":[{"href":"https:\/\/ego.com.sv\/index.php\/wp-json\/wp\/v2\/types\/page"}],"author":[{"embeddable":true,"href":"https:\/\/ego.com.sv\/index.php\/wp-json\/wp\/v2\/users\/1"}],"replies":[{"embeddable":true,"href":"https:\/\/ego.com.sv\/index.php\/wp-json\/wp\/v2\/comments?post=455"}],"version-history":[{"count":4,"href":"https:\/\/ego.com.sv\/index.php\/wp-json\/wp\/v2\/pages\/455\/revisions"}],"predecessor-version":[{"id":469,"href":"https:\/\/ego.com.sv\/index.php\/wp-json\/wp\/v2\/pages\/455\/revisions\/469"}],"wp:attachment":[{"href":"https:\/\/ego.com.sv\/index.php\/wp-json\/wp\/v2\/media?parent=455"}],"curies":[{"name":"wp","href":"https:\/\/api.w.org\/{rel}","templated":true}]}}